{"id":3726,"date":"2019-09-09T07:14:36","date_gmt":"2019-09-09T07:14:36","guid":{"rendered":"http:\/\/journeytoyoursoul.com\/?page_id=3726"},"modified":"2024-07-02T11:19:00","modified_gmt":"2024-07-02T11:19:00","slug":"hypnotherapy","status":"publish","type":"page","link":"http:\/\/journeytoyoursoul.com\/de\/hypnotherapy\/","title":{"rendered":"Hypnosetherapie"},"content":{"rendered":"<div class=\"wp-block-themeisle-blocks-advanced-columns has-1-columns has-desktop-equal-layout has-tablet-equal-layout has-mobile-equal-layout has-default-gap has-vertical-unset\" id=\"wp-block-themeisle-blocks-advanced-columns-17ae1714\" style=\"border-width:0px;border-style:solid;border-color:#000000;border-radius:0px;justify-content:unset\"><div class=\"wp-themeisle-block-overlay\" style=\"opacity:0.5;mix-blend-mode:normal\"><\/div><div class=\"innerblocks-wrap\">\n<div class=\"wp-block-themeisle-blocks-advanced-column\" id=\"wp-block-themeisle-blocks-advanced-column-de398af2\" style=\"border-width:0px;border-style:solid;border-color:#000000;border-radius:0px\">\n<h4><strong>Was ist Hypnosetherapie?<\/strong><\/h4> \n<p class=\" translation-block\">Hypnose ist ein ver\u00e4nderter Bewusstseinszustand, der einem Zustand kurz vor dem Einschlafen \u00e4hnlich ist. In diesem Zustand kannst du auf dein Unterbewusstsein zugreifen und dir unbewussten Informationen bewusst werden. Unser Unterbewusstsein kennt die Ursachen vieler Krankheiten, Blockaden und unerw\u00fcnschten Lebensbedingungen. Mit Hilfe eines guten Hypnose Coach oder Hypnotherapeuten kannst du in diesem Zustand der Entspannung Ursachen finden und l\u00f6sen. Negative Gef\u00fchle werden aufgel\u00f6st und gute Gef\u00fchle gest\u00e4rkt.<\/p>\n<h4><strong>Wie kann Hypnosetherapie helfen?<\/strong><\/h4>\n<p class=\" translation-block\">Mit der Hypnosetherapie k\u00f6nnen unz\u00e4hlige Probleme und Herausforderungen effizient und nachhaltig gel\u00f6st werden. Zahlreiche wissenschaftliche Studien belegen die Wirksamkeit der Hypnosetherapie. Sie kann dich von Stress, \u00c4ngsten, Abh\u00e4ngigkeiten, Gewichtsproblemen, Wut, Beziehungsproblemen, Schlafproblemen, Trauer, Blockaden, Zweifeln, Unsicherheit, Nervosit\u00e4t, Depressionen, Eifersucht und verschiedenen weiteren k\u00f6rperlichen und geistigen Schmerzen befreien.\nEs ist sogar m\u00f6glich, Antworten auf Fragen des Lebens zu finden, wie zum Beispiel: \u201eWas ist mein Lebensziel?\u201c und Weiteres.<\/p>\n<\/div>\n<\/div><\/div>","protected":false},"excerpt":{"rendered":"<p>What is Hypnotherapy? Hypnosis is an altered state of consciousness, which issimilar to a state just before falling asleep. In this state, you can access your subconscious mind and become aware of unconscious information. Our subconscious mind knows the causes of many ailments, blockages and unwanted life conditions. With the [&hellip;]<\/p>","protected":false},"author":1,"featured_media":0,"parent":0,"menu_order":0,"comment_status":"closed","ping_status":"closed","template":"","meta":{"footnotes":""},"_links":{"self":[{"href":"http:\/\/journeytoyoursoul.com\/de\/wp-json\/wp\/v2\/pages\/3726"}],"collection":[{"href":"http:\/\/journeytoyoursoul.com\/de\/wp-json\/wp\/v2\/pages"}],"about":[{"href":"http:\/\/journeytoyoursoul.com\/de\/wp-json\/wp\/v2\/types\/page"}],"author":[{"embeddable":true,"href":"http:\/\/journeytoyoursoul.com\/de\/wp-json\/wp\/v2\/users\/1"}],"replies":[{"embeddable":true,"href":"http:\/\/journeytoyoursoul.com\/de\/wp-json\/wp\/v2\/comments?post=3726"}],"version-history":[{"count":5,"href":"http:\/\/journeytoyoursoul.com\/de\/wp-json\/wp\/v2\/pages\/3726\/revisions"}],"predecessor-version":[{"id":3882,"href":"http:\/\/journeytoyoursoul.com\/de\/wp-json\/wp\/v2\/pages\/3726\/revisions\/3882"}],"wp:attachment":[{"href":"http:\/\/journeytoyoursoul.com\/de\/wp-json\/wp\/v2\/media?parent=3726"}],"curies":[{"name":"wp","href":"https:\/\/api.w.org\/{rel}","templated":true}]}}