{"id":3724,"date":"2019-09-09T06:15:18","date_gmt":"2019-09-09T06:15:18","guid":{"rendered":"http:\/\/journeytoyoursoul.com\/?page_id=3724"},"modified":"2019-10-08T04:43:13","modified_gmt":"2019-10-08T04:43:13","slug":"life-coaching","status":"publish","type":"page","link":"http:\/\/journeytoyoursoul.com\/de\/life-coaching\/","title":{"rendered":"Life Coaching &amp; Spirituelle Beratung"},"content":{"rendered":"<div class=\"wp-block-themeisle-blocks-advanced-columns has-1-columns has-desktop-equal-layout has-tablet-equal-layout has-mobile-equal-layout has-default-gap has-vertical-unset\" id=\"wp-block-themeisle-blocks-advanced-columns-4e340251\" style=\"border-width:0px;border-style:solid;border-color:#000000;border-radius:0px;justify-content:unset\"><div class=\"wp-themeisle-block-overlay\" style=\"opacity:0.5;mix-blend-mode:normal\"><\/div><div class=\"innerblocks-wrap\">\n<div class=\"wp-block-themeisle-blocks-advanced-column\" id=\"wp-block-themeisle-blocks-advanced-column-12202413\" style=\"border-width:0px;border-style:solid;border-color:#000000;border-radius:0px\">\n<p>Karin hilft dir und coacht dich, um die Herausforderungen in deinem Leben zu meistern und ein gl\u00fccklicheres und erf\u00fcllteres Leben zu f\u00fchren. Sie verwendet verschiedene Coaching- und Selbstentwicklungsmethoden. Weiter bringt sie Erfahrung und Wissen in der Unternehmensberatung mit. So kann sie dich in jeder Situation, die das Leben mit sich bringt, beraten und begleiten. <\/p>\n\n\n\n<p>Life Coaching ist eine M\u00f6glichkeit in regelm\u00e4ssigen Sitzungen Einsichten zur Verbesserung des Lebens zu erhalten und dir die Energie zu geben, die du ben\u00f6tigst, um \u00c4nderungen vorzunehmen, Herausforderungen zu \u00fcberwinden und mehr Erf\u00fcllung in deinem Leben zu finden. <\/p>\n\n\n\n<p>Weiter kann Karin dich in spirituellen Fragen begleiten. Durch ihre Lebenserfahrung, tiefe Meditationserfahrungen und Lehren von verschiedenen Meistern auf der ganzen Welt kann sie dir helfen und dich in verschiedenen spirituellen Herausforderungen und Fragen begleiten. So auch beispielsweise bei Fragen \"Warum bin ich hier?\", \"Was passiert nach dem Tod?\" und Weiteres.<\/p>\n<\/div>\n<\/div><\/div>","protected":false},"excerpt":{"rendered":"","protected":false},"author":1,"featured_media":0,"parent":0,"menu_order":0,"comment_status":"closed","ping_status":"closed","template":"","meta":{"footnotes":""},"_links":{"self":[{"href":"http:\/\/journeytoyoursoul.com\/de\/wp-json\/wp\/v2\/pages\/3724"}],"collection":[{"href":"http:\/\/journeytoyoursoul.com\/de\/wp-json\/wp\/v2\/pages"}],"about":[{"href":"http:\/\/journeytoyoursoul.com\/de\/wp-json\/wp\/v2\/types\/page"}],"author":[{"embeddable":true,"href":"http:\/\/journeytoyoursoul.com\/de\/wp-json\/wp\/v2\/users\/1"}],"replies":[{"embeddable":true,"href":"http:\/\/journeytoyoursoul.com\/de\/wp-json\/wp\/v2\/comments?post=3724"}],"version-history":[{"count":6,"href":"http:\/\/journeytoyoursoul.com\/de\/wp-json\/wp\/v2\/pages\/3724\/revisions"}],"predecessor-version":[{"id":3812,"href":"http:\/\/journeytoyoursoul.com\/de\/wp-json\/wp\/v2\/pages\/3724\/revisions\/3812"}],"wp:attachment":[{"href":"http:\/\/journeytoyoursoul.com\/de\/wp-json\/wp\/v2\/media?parent=3724"}],"curies":[{"name":"wp","href":"https:\/\/api.w.org\/{rel}","templated":true}]}}