{"id":245,"date":"2018-07-30T11:19:06","date_gmt":"2018-07-30T11:19:06","guid":{"rendered":"https:\/\/demo.themeisle.com\/hestia-lawyers\/?page_id=245"},"modified":"2025-05-21T04:23:56","modified_gmt":"2025-05-21T04:23:56","slug":"hestia-lawyers-home","status":"publish","type":"page","link":"http:\/\/journeytoyoursoul.com\/de\/","title":{"rendered":"Home"},"content":{"rendered":"<div data-elementor-type=\"wp-post\" data-elementor-id=\"245\" class=\"elementor elementor-245\">\n\t\t\t\t\t\t<section class=\"elementor-section elementor-top-section elementor-element elementor-element-3ef349e elementor-section-boxed elementor-section-height-default elementor-section-height-default\" data-id=\"3ef349e\" data-element_type=\"section\" data-settings=\"{&quot;background_background&quot;:&quot;classic&quot;}\">\n\t\t\t\t\t\t<div class=\"elementor-container elementor-column-gap-default\">\n\t\t\t\t\t<div class=\"elementor-column elementor-col-100 elementor-top-column elementor-element elementor-element-79b369b\" data-id=\"79b369b\" data-element_type=\"column\">\n\t\t\t<div class=\"elementor-widget-wrap elementor-element-populated\">\n\t\t\t\t\t\t<div class=\"elementor-element elementor-element-b6f55af animated-slow elementor-invisible elementor-widget elementor-widget-heading\" data-id=\"b6f55af\" data-element_type=\"widget\" data-settings=\"{&quot;_animation&quot;:&quot;fadeInLeft&quot;}\" data-widget_type=\"heading.default\">\n\t\t\t\t<div class=\"elementor-widget-container\">\n\t\t\t<h2 class=\"elementor-heading-title elementor-size-default\">Lerne Karin kennen<\/h2>\t\t<\/div>\n\t\t\t\t<\/div>\n\t\t\t\t<div class=\"elementor-element elementor-element-f765e97 animated-slow elementor-invisible elementor-widget elementor-widget-text-editor\" data-id=\"f765e97\" data-element_type=\"widget\" data-settings=\"{&quot;_animation&quot;:&quot;fadeInRight&quot;}\" data-widget_type=\"text-editor.default\">\n\t\t\t\t<div class=\"elementor-widget-container\">\n\t\t\t\t\t\t\t<p>M\u00f6chtest du gl\u00fccklicher werden? Ein erf\u00fcllteres Leben f\u00fchren? Dann bist du bei Karin am richtigen Ort. Sie ist Hypnotherapeutin, Lebensberaterin, Yoga- und Meditationslehrerin, spirituelle Begleitperson und vieles mehr. Sie sammelte ihr Wissen in verschiedenen L\u00e4ndern der Welt und lernte von Meistern aus verschiedenen Teilen Asiens sowie in S\u00fcdamerika. Obwohl viel Wissen als Geschenk durch aufschlussreiche Meditation und eine Reise zu ihrer eigenen Seele kam.<\/p>\t\t\t\t\t\t<\/div>\n\t\t\t\t<\/div>\n\t\t\t\t<section class=\"elementor-section elementor-inner-section elementor-element elementor-element-d299012 animated-slow elementor-section-boxed elementor-section-height-default elementor-section-height-default elementor-invisible\" data-id=\"d299012\" data-element_type=\"section\" data-settings=\"{&quot;animation&quot;:&quot;fadeInUp&quot;}\">\n\t\t\t\t\t\t<div class=\"elementor-container elementor-column-gap-default\">\n\t\t\t\t\t<div class=\"elementor-column elementor-col-50 elementor-inner-column elementor-element elementor-element-7c4b9cc\" data-id=\"7c4b9cc\" data-element_type=\"column\">\n\t\t\t<div class=\"elementor-widget-wrap elementor-element-populated\">\n\t\t\t\t\t\t<div class=\"elementor-element elementor-element-464ae8c elementor-widget elementor-widget-heading\" data-id=\"464ae8c\" data-element_type=\"widget\" data-widget_type=\"heading.default\">\n\t\t\t\t<div class=\"elementor-widget-container\">\n\t\t\t<h2 class=\"elementor-heading-title elementor-size-default\">Sei \u00fcberrascht, was sie f\u00fcr dich tun kann.<\/h2>\t\t<\/div>\n\t\t\t\t<\/div>\n\t\t\t\t\t<\/div>\n\t\t<\/div>\n\t\t\t\t<div class=\"elementor-column elementor-col-50 elementor-inner-column elementor-element elementor-element-1994a8a\" data-id=\"1994a8a\" data-element_type=\"column\">\n\t\t\t<div class=\"elementor-widget-wrap elementor-element-populated\">\n\t\t\t\t\t\t<div class=\"elementor-element elementor-element-b7622ab elementor-mobile-align-center elementor-widget elementor-widget-button\" data-id=\"b7622ab\" data-element_type=\"widget\" data-widget_type=\"button.default\">\n\t\t\t\t<div class=\"elementor-widget-container\">\n\t\t\t\t\t<div class=\"elementor-button-wrapper\">\n\t\t\t<a class=\"elementor-button elementor-button-link elementor-size-sm\" href=\"#\">\n\t\t\t\t\t\t<span class=\"elementor-button-content-wrapper\">\n\t\t\t\t\t\t\t\t\t<span class=\"elementor-button-text\">Kontakt<\/span>\n\t\t\t\t\t<\/span>\n\t\t\t\t\t<\/a>\n\t\t<\/div>\n\t\t\t\t<\/div>\n\t\t\t\t<\/div>\n\t\t\t\t\t<\/div>\n\t\t<\/div>\n\t\t\t\t\t<\/div>\n\t\t<\/section>\n\t\t\t\t\t<\/div>\n\t\t<\/div>\n\t\t\t\t\t<\/div>\n\t\t<\/section>\n\t\t\t\t<\/div>","protected":false},"excerpt":{"rendered":"<p>Meet Karin Would you like to get more happiness? Live a more fulfilling life? Then you are in the right place with Karin. She is a life coach, hypnotherapist, yoga and meditation teacher, spiritual guide and more. She gained her knowledge in different countries around the world and learned from [&hellip;]<\/p>","protected":false},"author":1,"featured_media":3754,"parent":0,"menu_order":0,"comment_status":"closed","ping_status":"closed","template":"","meta":{"footnotes":""},"_links":{"self":[{"href":"http:\/\/journeytoyoursoul.com\/de\/wp-json\/wp\/v2\/pages\/245"}],"collection":[{"href":"http:\/\/journeytoyoursoul.com\/de\/wp-json\/wp\/v2\/pages"}],"about":[{"href":"http:\/\/journeytoyoursoul.com\/de\/wp-json\/wp\/v2\/types\/page"}],"author":[{"embeddable":true,"href":"http:\/\/journeytoyoursoul.com\/de\/wp-json\/wp\/v2\/users\/1"}],"replies":[{"embeddable":true,"href":"http:\/\/journeytoyoursoul.com\/de\/wp-json\/wp\/v2\/comments?post=245"}],"version-history":[{"count":14,"href":"http:\/\/journeytoyoursoul.com\/de\/wp-json\/wp\/v2\/pages\/245\/revisions"}],"predecessor-version":[{"id":3901,"href":"http:\/\/journeytoyoursoul.com\/de\/wp-json\/wp\/v2\/pages\/245\/revisions\/3901"}],"wp:featuredmedia":[{"embeddable":true,"href":"http:\/\/journeytoyoursoul.com\/de\/wp-json\/wp\/v2\/media\/3754"}],"wp:attachment":[{"href":"http:\/\/journeytoyoursoul.com\/de\/wp-json\/wp\/v2\/media?parent=245"}],"curies":[{"name":"wp","href":"https:\/\/api.w.org\/{rel}","templated":true}]}}